{"id":9301,"date":"2025-01-22T17:27:47","date_gmt":"2025-01-22T16:27:47","guid":{"rendered":"https:\/\/fouleesroses.olivet.fr\/?page_id=9301"},"modified":"2026-03-30T15:15:47","modified_gmt":"2026-03-30T13:15:47","slug":"qui-sommes-nous","status":"publish","type":"page","link":"https:\/\/fouleesroses.olivet.fr\/?page_id=9301","title":{"rendered":"QUI SOMMES NOUS ?"},"content":{"rendered":"\t\t<div data-elementor-type=\"wp-page\" data-elementor-id=\"9301\" class=\"elementor elementor-9301\">\n\t\t\t\t\t\t<section class=\"elementor-section elementor-top-section elementor-element elementor-element-27e8c6d1 elementor-section-full_width elementor-section-height-default elementor-section-height-default wpr-particle-no wpr-jarallax-no wpr-parallax-no wpr-sticky-section-no wpr-equal-height-no\" data-id=\"27e8c6d1\" data-element_type=\"section\" data-e-type=\"section\">\n\t\t\t\t\t\t<div class=\"elementor-container elementor-column-gap-default\">\n\t\t\t\t\t<div class=\"elementor-column elementor-col-100 elementor-top-column elementor-element elementor-element-66b5d39d\" data-id=\"66b5d39d\" data-element_type=\"column\" data-e-type=\"column\" data-settings=\"{&quot;background_background&quot;:&quot;classic&quot;}\">\n\t\t\t<div class=\"elementor-widget-wrap elementor-element-populated\">\n\t\t\t\t\t\t<section class=\"elementor-section elementor-inner-section elementor-element elementor-element-68249a45 elementor-section-boxed elementor-section-height-default elementor-section-height-default wpr-particle-no wpr-jarallax-no wpr-parallax-no wpr-sticky-section-no wpr-equal-height-no\" data-id=\"68249a45\" data-element_type=\"section\" data-e-type=\"section\">\n\t\t\t\t\t\t<div class=\"elementor-container elementor-column-gap-default\">\n\t\t\t\t\t<div class=\"elementor-column elementor-col-100 elementor-inner-column elementor-element elementor-element-3b9cd4f7\" data-id=\"3b9cd4f7\" data-element_type=\"column\" data-e-type=\"column\">\n\t\t\t<div class=\"elementor-widget-wrap elementor-element-populated\">\n\t\t\t\t\t\t<div class=\"elementor-element elementor-element-344621d elementor-widget elementor-widget-heading\" data-id=\"344621d\" data-element_type=\"widget\" data-e-type=\"widget\" data-widget_type=\"heading.default\">\n\t\t\t\t<div class=\"elementor-widget-container\">\n\t\t\t\t\t<span class=\"elementor-heading-title elementor-size-default\">LES FOUL\u00c9ES ROSES | OLIVET <\/span>\t\t\t\t<\/div>\n\t\t\t\t<\/div>\n\t\t\t\t<div class=\"elementor-element elementor-element-55f4cb9 elementor-widget elementor-widget-heading\" data-id=\"55f4cb9\" data-element_type=\"widget\" data-e-type=\"widget\" data-widget_type=\"heading.default\">\n\t\t\t\t<div class=\"elementor-widget-container\">\n\t\t\t\t\t<h1 class=\"elementor-heading-title elementor-size-default\">LES FOUL\u00c9ES ROSES<br>\nPOUR QUI, POURQUOI ?<\/h1>\t\t\t\t<\/div>\n\t\t\t\t<\/div>\n\t\t\t\t\t<\/div>\n\t\t<\/div>\n\t\t\t\t\t<\/div>\n\t\t<\/section>\n\t\t\t\t\t<\/div>\n\t\t<\/div>\n\t\t\t\t\t<\/div>\n\t\t<\/section>\n\t\t\t\t<section class=\"elementor-section elementor-top-section elementor-element elementor-element-44a4fe970 elementor-section-boxed elementor-section-height-default elementor-section-height-default wpr-particle-no wpr-jarallax-no wpr-parallax-no wpr-sticky-section-no wpr-equal-height-no\" data-id=\"44a4fe970\" data-element_type=\"section\" data-e-type=\"section\">\n\t\t\t\t\t\t<div class=\"elementor-container elementor-column-gap-default\">\n\t\t\t\t\t<div class=\"elementor-column elementor-col-100 elementor-top-column elementor-element elementor-element-32023610\" data-id=\"32023610\" data-element_type=\"column\" data-e-type=\"column\">\n\t\t\t<div class=\"elementor-widget-wrap elementor-element-populated\">\n\t\t\t\t\t\t<div class=\"elementor-element elementor-element-f1313c6 elementor-widget elementor-widget-spacer\" data-id=\"f1313c6\" data-element_type=\"widget\" data-e-type=\"widget\" data-widget_type=\"spacer.default\">\n\t\t\t\t<div class=\"elementor-widget-container\">\n\t\t\t\t\t\t\t<div class=\"elementor-spacer\">\n\t\t\t<div class=\"elementor-spacer-inner\"><\/div>\n\t\t<\/div>\n\t\t\t\t\t\t<\/div>\n\t\t\t\t<\/div>\n\t\t\t\t<div class=\"elementor-element elementor-element-02f055e elementor-widget elementor-widget-text-editor\" data-id=\"02f055e\" data-element_type=\"widget\" data-e-type=\"widget\" data-widget_type=\"text-editor.default\">\n\t\t\t\t<div class=\"elementor-widget-container\">\n\t\t\t\t\t\t\t\t\t<h2 style=\"text-align: center;\"><span style=\"color: #ff5698;\">Les Foul\u00e9es Roses d\u2019Olivet : <\/span><br \/><span style=\"color: #ff5698;\"><span style=\"text-decoration: underline;\"><em><strong>Ensemble<\/strong><\/em><\/span>, on bouge pour la bonne cause !<\/span><\/h2>\t\t\t\t\t\t\t\t<\/div>\n\t\t\t\t<\/div>\n\t\t\t\t\t<\/div>\n\t\t<\/div>\n\t\t\t\t\t<\/div>\n\t\t<\/section>\n\t\t\t\t<section class=\"elementor-section elementor-top-section elementor-element elementor-element-aad9738 elementor-section-boxed elementor-section-height-default elementor-section-height-default wpr-particle-no wpr-jarallax-no wpr-parallax-no wpr-sticky-section-no wpr-equal-height-no\" data-id=\"aad9738\" data-element_type=\"section\" data-e-type=\"section\">\n\t\t\t\t\t\t<div class=\"elementor-container elementor-column-gap-default\">\n\t\t\t\t\t<div class=\"elementor-column elementor-col-100 elementor-top-column elementor-element elementor-element-85034ca\" data-id=\"85034ca\" data-element_type=\"column\" data-e-type=\"column\">\n\t\t\t<div class=\"elementor-widget-wrap elementor-element-populated\">\n\t\t\t\t\t\t<div class=\"elementor-element elementor-element-086239d elementor-widget elementor-widget-spacer\" data-id=\"086239d\" data-element_type=\"widget\" data-e-type=\"widget\" data-widget_type=\"spacer.default\">\n\t\t\t\t<div class=\"elementor-widget-container\">\n\t\t\t\t\t\t\t<div class=\"elementor-spacer\">\n\t\t\t<div class=\"elementor-spacer-inner\"><\/div>\n\t\t<\/div>\n\t\t\t\t\t\t<\/div>\n\t\t\t\t<\/div>\n\t\t\t\t\t<\/div>\n\t\t<\/div>\n\t\t\t\t\t<\/div>\n\t\t<\/section>\n\t\t\t\t<section class=\"elementor-section elementor-top-section elementor-element elementor-element-6384c8b elementor-section-boxed elementor-section-height-default elementor-section-height-default wpr-particle-no wpr-jarallax-no wpr-parallax-no wpr-sticky-section-no wpr-equal-height-no\" data-id=\"6384c8b\" data-element_type=\"section\" data-e-type=\"section\">\n\t\t\t\t\t\t<div class=\"elementor-container elementor-column-gap-default\">\n\t\t\t\t\t<div class=\"elementor-column elementor-col-100 elementor-top-column elementor-element elementor-element-d64951c\" data-id=\"d64951c\" data-element_type=\"column\" data-e-type=\"column\">\n\t\t\t<div class=\"elementor-widget-wrap elementor-element-populated\">\n\t\t\t\t\t\t<section class=\"elementor-section elementor-inner-section elementor-element elementor-element-97fd398 elementor-section-boxed elementor-section-height-default elementor-section-height-default wpr-particle-no wpr-jarallax-no wpr-parallax-no wpr-sticky-section-no wpr-equal-height-no\" data-id=\"97fd398\" data-element_type=\"section\" data-e-type=\"section\">\n\t\t\t\t\t\t<div class=\"elementor-container elementor-column-gap-default\">\n\t\t\t\t\t<div class=\"elementor-column elementor-col-100 elementor-inner-column elementor-element elementor-element-62d38ee\" data-id=\"62d38ee\" data-element_type=\"column\" data-e-type=\"column\">\n\t\t\t<div class=\"elementor-widget-wrap elementor-element-populated\">\n\t\t\t\t\t\t<div class=\"elementor-element elementor-element-cb05fa7 elementor-widget elementor-widget-text-editor\" data-id=\"cb05fa7\" data-element_type=\"widget\" data-e-type=\"widget\" data-widget_type=\"text-editor.default\">\n\t\t\t\t<div class=\"elementor-widget-container\">\n\t\t\t\t\t\t\t\t\t<p style=\"text-align: center;\"><span data-contrast=\"auto\">Les Foul\u00e9es Roses, ce sont des marches et des courses organis\u00e9es chaque premier dimanche d\u2019octobre \u2013 en ouverture de l\u2019op\u00e9ration nationale Octobre Rose \u2013 au profit de La Ligue contre le cancer, comit\u00e9 du Loiret. L\u2019objectif est de sensibiliser \u00e0 l\u2019importance de l\u2019activit\u00e9 physique pour rester en bonne sant\u00e9, quel que soit notre \u00e9tat de forme.<\/span><span data-ccp-props=\"{}\">\u00a0<\/span><\/p><p style=\"text-align: center;\"><span data-contrast=\"auto\">Ce grand rendez-vous de la g\u00e9n\u00e9rosit\u00e9 qui a permis, depuis la 1<\/span><span data-contrast=\"auto\">re<\/span><span data-contrast=\"auto\"> \u00e9dition en 2015, de verser plus de <\/span><b><span data-contrast=\"auto\">600 000\u20ac<\/span><\/b><span data-contrast=\"auto\"> pour aider les malades et la recherche.<\/span><span data-ccp-props=\"{}\">\u00a0<\/span><\/p><p style=\"text-align: center;\"><strong><img decoding=\"async\" class=\" wp-image-10731 aligncenter\" src=\"https:\/\/fouleesroses.olivet.fr\/wp-content\/uploads\/2025\/05\/pictos-site-FR-02.svg\" alt=\"\" width=\"75\" height=\"75\" \/> un \u00e9v\u00e8nement festif et solidaire<\/strong><strong><img decoding=\"async\" class=\" wp-image-10731 aligncenter\" src=\"https:\/\/fouleesroses.olivet.fr\/wp-content\/uploads\/2025\/05\/pictos-site-FR-02.svg\" alt=\"\" width=\"70\" height=\"70\" \/> deux parcours de course de 5,5 et 10km<\/strong><strong><img decoding=\"async\" class=\" wp-image-10731 aligncenter\" src=\"https:\/\/fouleesroses.olivet.fr\/wp-content\/uploads\/2025\/05\/pictos-site-FR-02.svg\" alt=\"\" width=\"65\" height=\"65\" \/> deux parcours de marche de 3 et 5,5km <\/strong><strong><img loading=\"lazy\" decoding=\"async\" class=\" wp-image-10731 aligncenter\" src=\"https:\/\/fouleesroses.olivet.fr\/wp-content\/uploads\/2025\/05\/pictos-site-FR-02.svg\" alt=\"\" width=\"61\" height=\"61\" \/> plus de 60 partenaires qui permettent <span class=\"TextRun SCXW119715822 BCX0\" lang=\"FR-FR\" xml:lang=\"FR-FR\" data-contrast=\"none\"><span class=\"NormalTextRun SCXW119715822 BCX0\">de soutenir l&rsquo;organisation de l&rsquo;\u00e9v\u00e9nement<\/span><\/span><span class=\"EOP SCXW119715822 BCX0\" data-ccp-props=\"{}\">\u00a0<\/span><\/strong><strong><img loading=\"lazy\" decoding=\"async\" class=\" wp-image-10731 aligncenter\" src=\"https:\/\/fouleesroses.olivet.fr\/wp-content\/uploads\/2025\/05\/pictos-site-FR-02.svg\" alt=\"\" width=\"55\" height=\"55\" \/> 130 b\u00e9n\u00e9voles qui donnent du temps et de l\u2019\u00e9nergie pour la bonne cause<\/strong><\/p>\t\t\t\t\t\t\t\t<\/div>\n\t\t\t\t<\/div>\n\t\t\t\t<div class=\"elementor-element elementor-element-262d833 elementor-widget-divider--view-line_icon elementor-view-default elementor-widget-divider--element-align-center elementor-widget elementor-widget-divider\" data-id=\"262d833\" data-element_type=\"widget\" data-e-type=\"widget\" data-widget_type=\"divider.default\">\n\t\t\t\t<div class=\"elementor-widget-container\">\n\t\t\t\t\t\t\t<div class=\"elementor-divider\">\n\t\t\t<span class=\"elementor-divider-separator\">\n\t\t\t\t\t\t\t<div class=\"elementor-icon elementor-divider__element\">\n\t\t\t\t\t<i aria-hidden=\"true\" class=\"fas fa-running\"><\/i><\/div>\n\t\t\t\t\t\t<\/span>\n\t\t<\/div>\n\t\t\t\t\t\t<\/div>\n\t\t\t\t<\/div>\n\t\t\t\t\t<\/div>\n\t\t<\/div>\n\t\t\t\t\t<\/div>\n\t\t<\/section>\n\t\t\t\t\t<\/div>\n\t\t<\/div>\n\t\t\t\t\t<\/div>\n\t\t<\/section>\n\t\t\t\t<section class=\"elementor-section elementor-top-section elementor-element elementor-element-9f8302f elementor-section-boxed elementor-section-height-default elementor-section-height-default wpr-particle-no wpr-jarallax-no wpr-parallax-no wpr-sticky-section-no wpr-equal-height-no\" data-id=\"9f8302f\" data-element_type=\"section\" data-e-type=\"section\">\n\t\t\t\t\t\t<div class=\"elementor-container elementor-column-gap-default\">\n\t\t\t\t\t<div class=\"elementor-column elementor-col-33 elementor-top-column elementor-element elementor-element-ff663c5\" data-id=\"ff663c5\" data-element_type=\"column\" data-e-type=\"column\">\n\t\t\t<div class=\"elementor-widget-wrap elementor-element-populated\">\n\t\t\t\t\t\t<div class=\"elementor-element elementor-element-771ab62 elementor-widget elementor-widget-counter\" data-id=\"771ab62\" data-element_type=\"widget\" data-e-type=\"widget\" data-widget_type=\"counter.default\">\n\t\t\t\t<div class=\"elementor-widget-container\">\n\t\t\t\t\t\t\t<div class=\"elementor-counter\">\n\t\t\t<div class=\"elementor-counter-title\">PARTICIPANTS EN 2025<\/div>\t\t\t<div class=\"elementor-counter-number-wrapper\">\n\t\t\t\t<span class=\"elementor-counter-number-prefix\"><\/span>\n\t\t\t\t<span class=\"elementor-counter-number\" data-duration=\"4000\" data-to-value=\"7500\" data-from-value=\"0\" data-delimiter=\".\">0<\/span>\n\t\t\t\t<span class=\"elementor-counter-number-suffix\"><\/span>\n\t\t\t<\/div>\n\t\t<\/div>\n\t\t\t\t\t\t<\/div>\n\t\t\t\t<\/div>\n\t\t\t\t\t<\/div>\n\t\t<\/div>\n\t\t\t\t<div class=\"elementor-column elementor-col-33 elementor-top-column elementor-element elementor-element-f6b976f\" data-id=\"f6b976f\" data-element_type=\"column\" data-e-type=\"column\">\n\t\t\t<div class=\"elementor-widget-wrap elementor-element-populated\">\n\t\t\t\t\t\t<div class=\"elementor-element elementor-element-04f6610 elementor-widget elementor-widget-counter\" data-id=\"04f6610\" data-element_type=\"widget\" data-e-type=\"widget\" data-widget_type=\"counter.default\">\n\t\t\t\t<div class=\"elementor-widget-container\">\n\t\t\t\t\t\t\t<div class=\"elementor-counter\">\n\t\t\t<div class=\"elementor-counter-title\">REVERS\u00c9S \u00c0 LA LIGUE EN 2025<\/div>\t\t\t<div class=\"elementor-counter-number-wrapper\">\n\t\t\t\t<span class=\"elementor-counter-number-prefix\"><\/span>\n\t\t\t\t<span class=\"elementor-counter-number\" data-duration=\"2000\" data-to-value=\"70000\" data-from-value=\"0\" data-delimiter=\".\">0<\/span>\n\t\t\t\t<span class=\"elementor-counter-number-suffix\">\u20ac<\/span>\n\t\t\t<\/div>\n\t\t<\/div>\n\t\t\t\t\t\t<\/div>\n\t\t\t\t<\/div>\n\t\t\t\t\t<\/div>\n\t\t<\/div>\n\t\t\t\t<div class=\"elementor-column elementor-col-33 elementor-top-column elementor-element elementor-element-70f5cf0\" data-id=\"70f5cf0\" data-element_type=\"column\" data-e-type=\"column\">\n\t\t\t<div class=\"elementor-widget-wrap elementor-element-populated\">\n\t\t\t\t\t\t<div class=\"elementor-element elementor-element-b848299 elementor-widget elementor-widget-counter\" data-id=\"b848299\" data-element_type=\"widget\" data-e-type=\"widget\" data-widget_type=\"counter.default\">\n\t\t\t\t<div class=\"elementor-widget-container\">\n\t\t\t\t\t\t\t<div class=\"elementor-counter\">\n\t\t\t<div class=\"elementor-counter-title\">B\u00c9N\u00c9VOLES EN 2025<\/div>\t\t\t<div class=\"elementor-counter-number-wrapper\">\n\t\t\t\t<span class=\"elementor-counter-number-prefix\"><\/span>\n\t\t\t\t<span class=\"elementor-counter-number\" data-duration=\"2000\" data-to-value=\"133\" data-from-value=\"0\" data-delimiter=\",\">0<\/span>\n\t\t\t\t<span class=\"elementor-counter-number-suffix\"><\/span>\n\t\t\t<\/div>\n\t\t<\/div>\n\t\t\t\t\t\t<\/div>\n\t\t\t\t<\/div>\n\t\t\t\t\t<\/div>\n\t\t<\/div>\n\t\t\t\t\t<\/div>\n\t\t<\/section>\n\t\t\t\t<section class=\"elementor-section elementor-top-section elementor-element elementor-element-ea6199f elementor-section-boxed elementor-section-height-default elementor-section-height-default wpr-particle-no wpr-jarallax-no wpr-parallax-no wpr-sticky-section-no wpr-equal-height-no\" data-id=\"ea6199f\" data-element_type=\"section\" data-e-type=\"section\">\n\t\t\t\t\t\t<div class=\"elementor-container elementor-column-gap-default\">\n\t\t\t\t\t<div class=\"elementor-column elementor-col-33 elementor-top-column elementor-element elementor-element-2ad488d\" data-id=\"2ad488d\" data-element_type=\"column\" data-e-type=\"column\" data-settings=\"{&quot;background_background&quot;:&quot;classic&quot;}\">\n\t\t\t<div class=\"elementor-widget-wrap elementor-element-populated\">\n\t\t\t\t\t\t<div class=\"elementor-element elementor-element-71c8756 elementor-position-left elementor-vertical-align-middle elementor-widget elementor-widget-image-box\" data-id=\"71c8756\" data-element_type=\"widget\" data-e-type=\"widget\" data-widget_type=\"image-box.default\">\n\t\t\t\t<div class=\"elementor-widget-container\">\n\t\t\t\t\t<div class=\"elementor-image-box-wrapper\"><figure class=\"elementor-image-box-img\"><a href=\"#\" tabindex=\"-1\"><img loading=\"lazy\" decoding=\"async\" width=\"64\" height=\"64\" src=\"https:\/\/fouleesroses.olivet.fr\/wp-content\/uploads\/2023\/05\/icons8-performance-de-ventes-64.png\" class=\"attachment-full size-full wp-image-2699\" alt=\"\" \/><\/a><\/figure><div class=\"elementor-image-box-content\"><h5 class=\"elementor-image-box-title\"><a href=\"#\">78.000 participants<\/a><\/h5><p class=\"elementor-image-box-description\">Depuis 2015, les Foul\u00e9es Roses d'Olivet ont attir\u00e9es plus de 69.000 inscrits !<\/p><\/div><\/div>\t\t\t\t<\/div>\n\t\t\t\t<\/div>\n\t\t\t\t\t<\/div>\n\t\t<\/div>\n\t\t\t\t<div class=\"elementor-column elementor-col-33 elementor-top-column elementor-element elementor-element-505e421\" data-id=\"505e421\" data-element_type=\"column\" data-e-type=\"column\" data-settings=\"{&quot;background_background&quot;:&quot;classic&quot;}\">\n\t\t\t<div class=\"elementor-widget-wrap elementor-element-populated\">\n\t\t\t\t\t\t<div class=\"elementor-element elementor-element-acfa131 elementor-position-left elementor-vertical-align-middle elementor-widget elementor-widget-image-box\" data-id=\"acfa131\" data-element_type=\"widget\" data-e-type=\"widget\" data-widget_type=\"image-box.default\">\n\t\t\t\t<div class=\"elementor-widget-container\">\n\t\t\t\t\t<div class=\"elementor-image-box-wrapper\"><figure class=\"elementor-image-box-img\"><a href=\"#\" tabindex=\"-1\"><img loading=\"lazy\" decoding=\"async\" width=\"64\" height=\"64\" src=\"https:\/\/fouleesroses.olivet.fr\/wp-content\/uploads\/2023\/05\/icons8-queue-64.png\" class=\"attachment-full size-full wp-image-2698\" alt=\"\" \/><\/a><\/figure><div class=\"elementor-image-box-content\"><h5 class=\"elementor-image-box-title\"><a href=\"#\">600.000\u20ac r\u00e9colt\u00e9s<\/a><\/h5><p class=\"elementor-image-box-description\">Depuis la premi\u00e8re \u00e9dition, la somme r\u00e9colt\u00e9e se monte \u00e0 plus de 600.000\u20ac.<\/p><\/div><\/div>\t\t\t\t<\/div>\n\t\t\t\t<\/div>\n\t\t\t\t\t<\/div>\n\t\t<\/div>\n\t\t\t\t<div class=\"elementor-column elementor-col-33 elementor-top-column elementor-element elementor-element-9cdfd6c\" data-id=\"9cdfd6c\" data-element_type=\"column\" data-e-type=\"column\" data-settings=\"{&quot;background_background&quot;:&quot;classic&quot;}\">\n\t\t\t<div class=\"elementor-widget-wrap elementor-element-populated\">\n\t\t\t\t\t\t<div class=\"elementor-element elementor-element-d71291c elementor-position-left elementor-vertical-align-middle elementor-widget elementor-widget-image-box\" data-id=\"d71291c\" data-element_type=\"widget\" data-e-type=\"widget\" data-widget_type=\"image-box.default\">\n\t\t\t\t<div class=\"elementor-widget-container\">\n\t\t\t\t\t<div class=\"elementor-image-box-wrapper\"><figure class=\"elementor-image-box-img\"><a href=\"#\" tabindex=\"-1\"><img loading=\"lazy\" decoding=\"async\" width=\"64\" height=\"64\" src=\"https:\/\/fouleesroses.olivet.fr\/wp-content\/uploads\/2023\/05\/icons8-jaime-ca-64.png\" class=\"attachment-full size-full wp-image-2700\" alt=\"\" \/><\/a><\/figure><div class=\"elementor-image-box-content\"><h5 class=\"elementor-image-box-title\"><a href=\"#\">+ de 1.500 b\u00e9n\u00e9voles<\/a><\/h5><p class=\"elementor-image-box-description\">Depuis son lancement initial, plus de 1330 personnes ont pr\u00eat\u00e9 concours \u00e0 la r\u00e9ussite de toutes les \u00e9ditions.<\/p><\/div><\/div>\t\t\t\t<\/div>\n\t\t\t\t<\/div>\n\t\t\t\t\t<\/div>\n\t\t<\/div>\n\t\t\t\t\t<\/div>\n\t\t<\/section>\n\t\t\t\t<section class=\"elementor-section elementor-top-section elementor-element elementor-element-cfc8eaa elementor-section-boxed elementor-section-height-default elementor-section-height-default wpr-particle-no wpr-jarallax-no wpr-parallax-no wpr-sticky-section-no wpr-equal-height-no\" data-id=\"cfc8eaa\" data-element_type=\"section\" data-e-type=\"section\">\n\t\t\t\t\t\t<div class=\"elementor-container elementor-column-gap-default\">\n\t\t\t\t\t<div class=\"elementor-column elementor-col-100 elementor-top-column elementor-element elementor-element-f3ac44e\" data-id=\"f3ac44e\" data-element_type=\"column\" data-e-type=\"column\">\n\t\t\t<div class=\"elementor-widget-wrap elementor-element-populated\">\n\t\t\t\t\t\t<div class=\"elementor-element elementor-element-1bac304 elementor-alert-success elementor-widget elementor-widget-alert\" data-id=\"1bac304\" data-element_type=\"widget\" data-e-type=\"widget\" data-widget_type=\"alert.default\">\n\t\t\t\t<div class=\"elementor-widget-container\">\n\t\t\t\t\t\t\t<div class=\"elementor-alert\" role=\"alert\">\n\n\t\t\t\t\t\t<span class=\"elementor-alert-title\">\u00c0 quoi servent les dons ?<\/span>\n\t\t\t\n\t\t\t\t\t\t<span class=\"elementor-alert-description\">Les dons recueillis lors des Foul\u00e9es Roses financent la recherche contre le cancer et soutiennent les patients. Ils permettent d'am\u00e9liorer les soins, de proposer des actions de pr\u00e9vention et d'accompagnement. Gr\u00e2ce \u00e0 votre participation, chaque contribution aide \u00e0 faire avancer la lutte contre tous les cancers.<\/span>\n\t\t\t\n\t\t\t\n\t\t<\/div>\n\t\t\t\t\t\t<\/div>\n\t\t\t\t<\/div>\n\t\t\t\t\t<\/div>\n\t\t<\/div>\n\t\t\t\t\t<\/div>\n\t\t<\/section>\n\t\t\t\t<section class=\"elementor-section elementor-top-section elementor-element elementor-element-2b9cf6d elementor-section-boxed elementor-section-height-default elementor-section-height-default wpr-particle-no wpr-jarallax-no wpr-parallax-no wpr-sticky-section-no wpr-equal-height-no\" data-id=\"2b9cf6d\" data-element_type=\"section\" data-e-type=\"section\">\n\t\t\t\t\t\t<div class=\"elementor-container elementor-column-gap-default\">\n\t\t\t\t\t<div class=\"elementor-column elementor-col-100 elementor-top-column elementor-element elementor-element-0b1f504\" data-id=\"0b1f504\" data-element_type=\"column\" data-e-type=\"column\">\n\t\t\t<div class=\"elementor-widget-wrap elementor-element-populated\">\n\t\t\t\t\t\t<div class=\"elementor-element elementor-element-80863d4 elementor-widget-divider--view-line elementor-widget elementor-widget-divider\" data-id=\"80863d4\" data-element_type=\"widget\" data-e-type=\"widget\" data-widget_type=\"divider.default\">\n\t\t\t\t<div class=\"elementor-widget-container\">\n\t\t\t\t\t\t\t<div class=\"elementor-divider\">\n\t\t\t<span class=\"elementor-divider-separator\">\n\t\t\t\t\t\t<\/span>\n\t\t<\/div>\n\t\t\t\t\t\t<\/div>\n\t\t\t\t<\/div>\n\t\t\t\t\t<\/div>\n\t\t<\/div>\n\t\t\t\t\t<\/div>\n\t\t<\/section>\n\t\t\t\t<\/div>\n\t\t","protected":false},"excerpt":{"rendered":"<p>LES FOUL\u00c9ES ROSES | OLIVET LES FOUL\u00c9ES ROSES POUR QUI, POURQUOI ? Les Foul\u00e9es Roses d\u2019Olivet : Ensemble, on bouge pour la bonne cause ! Les Foul\u00e9es Roses, ce sont des marches et des courses organis\u00e9es chaque premier dimanche d\u2019octobre \u2013 en ouverture de l\u2019op\u00e9ration nationale Octobre Rose \u2013 au profit de La Ligue contre le cancer, comit\u00e9 du Loiret. L\u2019objectif est de sensibiliser \u00e0 l\u2019importance de l\u2019activit\u00e9 physique pour rester en bonne sant\u00e9, quel que soit notre \u00e9tat de forme.\u00a0 Ce grand rendez-vous de la g\u00e9n\u00e9rosit\u00e9 qui a permis, depuis la 1re \u00e9dition en 2015, de verser plus de 600 000\u20ac pour aider les malades et la recherche.\u00a0 un \u00e9v\u00e8nement festif et solidaire deux parcours de course de 5,5 et 10km deux parcours de marche de 3 et 5,5km plus de 60 partenaires qui permettent de soutenir l&rsquo;organisation de l&rsquo;\u00e9v\u00e9nement\u00a0 130 b\u00e9n\u00e9voles qui donnent du temps et de l\u2019\u00e9nergie pour la bonne cause PARTICIPANTS EN 2025 0 REVERS\u00c9S \u00c0 LA LIGUE EN 2025 0 \u20ac B\u00c9N\u00c9VOLES EN 2025 0 78.000 participants Depuis 2015, les Foul\u00e9es Roses d&rsquo;Olivet ont attir\u00e9es plus de 69.000 inscrits ! 600.000\u20ac r\u00e9colt\u00e9s Depuis la premi\u00e8re \u00e9dition, la somme r\u00e9colt\u00e9e se monte \u00e0 plus de 600.000\u20ac. + de 1.500 b\u00e9n\u00e9voles Depuis son lancement initial, plus de 1330 personnes ont pr\u00eat\u00e9 concours \u00e0 la r\u00e9ussite de toutes les \u00e9ditions. \u00c0 quoi servent les dons ? Les dons recueillis lors des Foul\u00e9es Roses financent la recherche contre le cancer et soutiennent les patients. Ils permettent d&rsquo;am\u00e9liorer les soins, de proposer des actions de pr\u00e9vention et d&rsquo;accompagnement. Gr\u00e2ce \u00e0 votre participation, chaque contribution aide \u00e0 faire avancer la lutte contre tous les cancers.<\/p>\n","protected":false},"author":1,"featured_media":0,"parent":0,"menu_order":0,"comment_status":"closed","ping_status":"closed","template":"","meta":{"_kadence_starter_templates_imported_post":true,"_kad_post_transparent":"","_kad_post_title":"hide","_kad_post_layout":"fullwidth","_kad_post_sidebar_id":"","_kad_post_content_style":"unboxed","_kad_post_vertical_padding":"hide","_kad_post_feature":"hide","_kad_post_feature_position":"","_kad_post_header":false,"_kad_post_footer":false,"_kad_post_classname":"","footnotes":""},"class_list":["post-9301","page","type-page","status-publish","hentry"],"_links":{"self":[{"href":"https:\/\/fouleesroses.olivet.fr\/index.php?rest_route=\/wp\/v2\/pages\/9301","targetHints":{"allow":["GET"]}}],"collection":[{"href":"https:\/\/fouleesroses.olivet.fr\/index.php?rest_route=\/wp\/v2\/pages"}],"about":[{"href":"https:\/\/fouleesroses.olivet.fr\/index.php?rest_route=\/wp\/v2\/types\/page"}],"author":[{"embeddable":true,"href":"https:\/\/fouleesroses.olivet.fr\/index.php?rest_route=\/wp\/v2\/users\/1"}],"replies":[{"embeddable":true,"href":"https:\/\/fouleesroses.olivet.fr\/index.php?rest_route=%2Fwp%2Fv2%2Fcomments&post=9301"}],"version-history":[{"count":223,"href":"https:\/\/fouleesroses.olivet.fr\/index.php?rest_route=\/wp\/v2\/pages\/9301\/revisions"}],"predecessor-version":[{"id":13753,"href":"https:\/\/fouleesroses.olivet.fr\/index.php?rest_route=\/wp\/v2\/pages\/9301\/revisions\/13753"}],"wp:attachment":[{"href":"https:\/\/fouleesroses.olivet.fr\/index.php?rest_route=%2Fwp%2Fv2%2Fmedia&parent=9301"}],"curies":[{"name":"wp","href":"https:\/\/api.w.org\/{rel}","templated":true}]}}