{"id":9295,"date":"2025-01-22T17:23:37","date_gmt":"2025-01-22T16:23:37","guid":{"rendered":"https:\/\/fouleesroses.olivet.fr\/?page_id=9295"},"modified":"2025-05-26T14:22:38","modified_gmt":"2025-05-26T12:22:38","slug":"eco-responsabilite","status":"publish","type":"page","link":"https:\/\/fouleesroses.olivet.fr\/?page_id=9295","title":{"rendered":"\u00c9CO-RESPONSABILIT\u00c9"},"content":{"rendered":"\t\t<div data-elementor-type=\"wp-page\" data-elementor-id=\"9295\" class=\"elementor elementor-9295\">\n\t\t\t\t\t\t<section class=\"elementor-section elementor-top-section elementor-element elementor-element-27e8c6d1 elementor-section-full_width elementor-section-height-default elementor-section-height-default wpr-particle-no wpr-jarallax-no wpr-parallax-no wpr-sticky-section-no\" data-id=\"27e8c6d1\" data-element_type=\"section\" data-e-type=\"section\">\n\t\t\t\t\t\t<div class=\"elementor-container elementor-column-gap-default\">\n\t\t\t\t\t<div class=\"elementor-column elementor-col-100 elementor-top-column elementor-element elementor-element-66b5d39d\" data-id=\"66b5d39d\" data-element_type=\"column\" data-e-type=\"column\" data-settings=\"{&quot;background_background&quot;:&quot;classic&quot;}\">\n\t\t\t<div class=\"elementor-widget-wrap elementor-element-populated\">\n\t\t\t\t\t\t<section class=\"elementor-section elementor-inner-section elementor-element elementor-element-68249a45 elementor-section-boxed elementor-section-height-default elementor-section-height-default wpr-particle-no wpr-jarallax-no wpr-parallax-no wpr-sticky-section-no\" data-id=\"68249a45\" data-element_type=\"section\" data-e-type=\"section\">\n\t\t\t\t\t\t<div class=\"elementor-container elementor-column-gap-default\">\n\t\t\t\t\t<div class=\"elementor-column elementor-col-100 elementor-inner-column elementor-element elementor-element-3b9cd4f7\" data-id=\"3b9cd4f7\" data-element_type=\"column\" data-e-type=\"column\">\n\t\t\t<div class=\"elementor-widget-wrap elementor-element-populated\">\n\t\t\t\t\t\t<div class=\"elementor-element elementor-element-fff86ce elementor-widget elementor-widget-heading\" data-id=\"fff86ce\" data-element_type=\"widget\" data-e-type=\"widget\" data-widget_type=\"heading.default\">\n\t\t\t\t<div class=\"elementor-widget-container\">\n\t\t\t\t\t<span class=\"elementor-heading-title elementor-size-default\">LES FOUL\u00c9ES ROSES | OLIVET<\/span>\t\t\t\t<\/div>\n\t\t\t\t<\/div>\n\t\t\t\t<div class=\"elementor-element elementor-element-55f4cb9 elementor-widget elementor-widget-heading\" data-id=\"55f4cb9\" data-element_type=\"widget\" data-e-type=\"widget\" data-widget_type=\"heading.default\">\n\t\t\t\t<div class=\"elementor-widget-container\">\n\t\t\t\t\t<h1 class=\"elementor-heading-title elementor-size-default\">\u00c9CO-RESPONSABILIT\u00c9\u200b<\/h1>\t\t\t\t<\/div>\n\t\t\t\t<\/div>\n\t\t\t\t<div class=\"elementor-element elementor-element-488c78df elementor-widget elementor-widget-text-editor\" data-id=\"488c78df\" data-element_type=\"widget\" data-e-type=\"widget\" data-widget_type=\"text-editor.default\">\n\t\t\t\t<div class=\"elementor-widget-container\">\n\t\t\t\t\t\t\t\t\t<p><strong>L\u2019\u00e9v\u00e8nement des Foul\u00e9es Roses ne se limite pas \u00e0 un simple d\u00e9fi sportif. Nous avons fait le choix d\u2019int\u00e9grer des actions en faveur de l\u2019environnement, en adoptant une d\u00e9marche de responsabilit\u00e9 soci\u00e9tale (RSE) pour limiter notre impact \u00e9cologique.<\/strong><\/p>\t\t\t\t\t\t\t\t<\/div>\n\t\t\t\t<\/div>\n\t\t\t\t\t<\/div>\n\t\t<\/div>\n\t\t\t\t\t<\/div>\n\t\t<\/section>\n\t\t\t\t\t<\/div>\n\t\t<\/div>\n\t\t\t\t\t<\/div>\n\t\t<\/section>\n\t\t\t\t<section class=\"elementor-section elementor-top-section elementor-element elementor-element-960db81 elementor-section-boxed elementor-section-height-default elementor-section-height-default wpr-particle-no wpr-jarallax-no wpr-parallax-no wpr-sticky-section-no\" data-id=\"960db81\" data-element_type=\"section\" data-e-type=\"section\">\n\t\t\t\t\t\t<div class=\"elementor-container elementor-column-gap-default\">\n\t\t\t\t\t<div class=\"elementor-column elementor-col-100 elementor-top-column elementor-element elementor-element-75fdd6c\" data-id=\"75fdd6c\" data-element_type=\"column\" data-e-type=\"column\">\n\t\t\t<div class=\"elementor-widget-wrap elementor-element-populated\">\n\t\t\t\t\t\t<div class=\"elementor-element elementor-element-fbbcb4c elementor-widget elementor-widget-spacer\" data-id=\"fbbcb4c\" data-element_type=\"widget\" data-e-type=\"widget\" data-widget_type=\"spacer.default\">\n\t\t\t\t<div class=\"elementor-widget-container\">\n\t\t\t\t\t\t\t<div class=\"elementor-spacer\">\n\t\t\t<div class=\"elementor-spacer-inner\"><\/div>\n\t\t<\/div>\n\t\t\t\t\t\t<\/div>\n\t\t\t\t<\/div>\n\t\t\t\t\t<\/div>\n\t\t<\/div>\n\t\t\t\t\t<\/div>\n\t\t<\/section>\n\t\t\t\t<section class=\"elementor-section elementor-top-section elementor-element elementor-element-87831ea elementor-section-boxed elementor-section-height-default elementor-section-height-default wpr-particle-no wpr-jarallax-no wpr-parallax-no wpr-sticky-section-no\" data-id=\"87831ea\" data-element_type=\"section\" data-e-type=\"section\">\n\t\t\t\t\t\t<div class=\"elementor-container elementor-column-gap-default\">\n\t\t\t\t\t<div class=\"elementor-column elementor-col-100 elementor-top-column elementor-element elementor-element-866fb93\" data-id=\"866fb93\" data-element_type=\"column\" data-e-type=\"column\">\n\t\t\t<div class=\"elementor-widget-wrap elementor-element-populated\">\n\t\t\t\t\t\t<div class=\"elementor-element elementor-element-14d5ca2 elementor-widget-mobile__width-initial elementor-widget elementor-widget-heading\" data-id=\"14d5ca2\" data-element_type=\"widget\" data-e-type=\"widget\" data-widget_type=\"heading.default\">\n\t\t\t\t<div class=\"elementor-widget-container\">\n\t\t\t\t\t<h2 class=\"elementor-heading-title elementor-size-default\">Du c\u00f4t\u00e9 des T-shirts\u2026 <\/h2>\t\t\t\t<\/div>\n\t\t\t\t<\/div>\n\t\t\t\t\t<\/div>\n\t\t<\/div>\n\t\t\t\t\t<\/div>\n\t\t<\/section>\n\t\t\t\t<section class=\"elementor-section elementor-top-section elementor-element elementor-element-80909cd elementor-section-boxed elementor-section-height-default elementor-section-height-default wpr-particle-no wpr-jarallax-no wpr-parallax-no wpr-sticky-section-no\" data-id=\"80909cd\" data-element_type=\"section\" data-e-type=\"section\">\n\t\t\t\t\t\t<div class=\"elementor-container elementor-column-gap-default\">\n\t\t\t\t\t<div class=\"elementor-column elementor-col-100 elementor-top-column elementor-element elementor-element-3e41686\" data-id=\"3e41686\" data-element_type=\"column\" data-e-type=\"column\">\n\t\t\t<div class=\"elementor-widget-wrap elementor-element-populated\">\n\t\t\t\t\t\t<div class=\"elementor-element elementor-element-bcd21d0 elementor-widget elementor-widget-text-editor\" data-id=\"bcd21d0\" data-element_type=\"widget\" data-e-type=\"widget\" data-widget_type=\"text-editor.default\">\n\t\t\t\t<div class=\"elementor-widget-container\">\n\t\t\t\t\t\t\t\t\t<p><span data-contrast=\"auto\">Les placards croulent sous les T-shirts roses des \u00e9ditions pass\u00e9es. Depuis 2023, <span lang=\"FR-FR\" xml:lang=\"FR-FR\" data-contrast=\"none\">le T-shirt est le m\u00eame d&rsquo;une ann\u00e9e \u00e0 l&rsquo;autre<\/span>, sans changement. Alors vous aussi, faites un geste pour l\u2019environnement, et ne demandez pas de T-shirt lors de votre inscription, <span class=\"TextRun SCXW165737174 BCX0\" lang=\"FR-FR\" xml:lang=\"FR-FR\" data-contrast=\"none\"><span class=\"NormalTextRun SCXW165737174 BCX0\">r\u00e9utilisez celui d&rsquo;une \u00e9dition pass\u00e9<\/span><\/span><span class=\"TextRun SCXW165737174 BCX0\" lang=\"FR-FR\" xml:lang=\"FR-FR\" data-contrast=\"none\"><span class=\"NormalTextRun SCXW165737174 BCX0\">e !<\/span><\/span><\/span><span data-ccp-props=\"{}\"><br><span style=\"background-color: transparent;\" data-contrast=\"auto\"><br>\u00c0 noter\u202f: le prix de l\u2019inscription reste le m\u00eame, avec ou sans T-shirt command\u00e9<\/span><br><\/span><\/p>\n<p><b><span data-contrast=\"auto\">Du c\u00f4t\u00e9 du ravitaillement\u2026<\/span><\/b><span data-ccp-props=\"{}\">&nbsp;<br><\/span><span style=\"background-color: transparent;\" data-contrast=\"auto\">Les ravitaillements privil\u00e9gient le vrac, le local et les gobelets r\u00e9utilisables ! Les organisateurs se mettent en quatre pour vous trouver un maximum de produits locaux et de qualit\u00e9 : fruits, chocolats, biscuits pour recharger les batteries, avec le moins possible d\u2019emballages individuels. Des gobelets r\u00e9utilisables \u2013 <\/span><b style=\"background-color: transparent;\"><span data-contrast=\"auto\">\u00e0 rendre\u202f!<\/span><\/b><span style=\"background-color: transparent;\" data-contrast=\"auto\"> \u2013 sont aussi propos\u00e9s.&nbsp;<\/span><span style=\"background-color: transparent;\" data-ccp-props=\"{}\">&nbsp;<\/span><\/p>\n<p style=\"text-align: center;\"><span data-contrast=\"auto\">Un <strong>IMMENSE MERCI<\/strong> \u00e0 nos g\u00e9n\u00e9reux partenaires de l\u2019agro-alimentaire et de la grande distribution qui partagent nos valeurs.<\/span><\/p>\t\t\t\t\t\t\t\t<\/div>\n\t\t\t\t<\/div>\n\t\t\t\t<div class=\"elementor-element elementor-element-111b25b elementor-widget elementor-widget-spacer\" data-id=\"111b25b\" data-element_type=\"widget\" data-e-type=\"widget\" data-widget_type=\"spacer.default\">\n\t\t\t\t<div class=\"elementor-widget-container\">\n\t\t\t\t\t\t\t<div class=\"elementor-spacer\">\n\t\t\t<div class=\"elementor-spacer-inner\"><\/div>\n\t\t<\/div>\n\t\t\t\t\t\t<\/div>\n\t\t\t\t<\/div>\n\t\t\t\t\t<\/div>\n\t\t<\/div>\n\t\t\t\t\t<\/div>\n\t\t<\/section>\n\t\t\t\t<\/div>\n\t\t","protected":false},"excerpt":{"rendered":"<p>LES FOUL\u00c9ES ROSES | OLIVET \u00c9CO-RESPONSABILIT\u00c9\u200b L\u2019\u00e9v\u00e8nement des Foul\u00e9es Roses ne se limite pas \u00e0 un simple d\u00e9fi sportif. Nous avons fait le choix d\u2019int\u00e9grer des actions en faveur de l\u2019environnement, en adoptant une d\u00e9marche de responsabilit\u00e9 soci\u00e9tale (RSE) pour limiter notre impact \u00e9cologique. Du c\u00f4t\u00e9 des T-shirts\u2026 Les placards croulent sous les T-shirts roses des \u00e9ditions pass\u00e9es. Depuis 2023, le T-shirt est le m\u00eame d&rsquo;une ann\u00e9e \u00e0 l&rsquo;autre, sans changement. Alors vous aussi, faites un geste pour l\u2019environnement, et ne demandez pas de T-shirt lors de votre inscription, r\u00e9utilisez celui d&rsquo;une \u00e9dition pass\u00e9e ! \u00c0 noter\u202f: le prix de l\u2019inscription reste le m\u00eame, avec ou sans T-shirt command\u00e9 Du c\u00f4t\u00e9 du ravitaillement\u2026&nbsp;Les ravitaillements privil\u00e9gient le vrac, le local et les gobelets r\u00e9utilisables ! Les organisateurs se mettent en quatre pour vous trouver un maximum de produits locaux et de qualit\u00e9 : fruits, chocolats, biscuits pour recharger les batteries, avec le moins possible d\u2019emballages individuels. Des gobelets r\u00e9utilisables \u2013 \u00e0 rendre\u202f! \u2013 sont aussi propos\u00e9s.&nbsp;&nbsp; Un IMMENSE MERCI \u00e0 nos g\u00e9n\u00e9reux partenaires de l\u2019agro-alimentaire et de la grande distribution qui partagent nos valeurs.<\/p>\n","protected":false},"author":1,"featured_media":0,"parent":0,"menu_order":0,"comment_status":"closed","ping_status":"closed","template":"","meta":{"_kadence_starter_templates_imported_post":true,"_kad_post_transparent":"","_kad_post_title":"hide","_kad_post_layout":"fullwidth","_kad_post_sidebar_id":"","_kad_post_content_style":"unboxed","_kad_post_vertical_padding":"hide","_kad_post_feature":"hide","_kad_post_feature_position":"","_kad_post_header":false,"_kad_post_footer":false,"_kad_post_classname":"","footnotes":""},"class_list":["post-9295","page","type-page","status-publish","hentry"],"_links":{"self":[{"href":"https:\/\/fouleesroses.olivet.fr\/index.php?rest_route=\/wp\/v2\/pages\/9295","targetHints":{"allow":["GET"]}}],"collection":[{"href":"https:\/\/fouleesroses.olivet.fr\/index.php?rest_route=\/wp\/v2\/pages"}],"about":[{"href":"https:\/\/fouleesroses.olivet.fr\/index.php?rest_route=\/wp\/v2\/types\/page"}],"author":[{"embeddable":true,"href":"https:\/\/fouleesroses.olivet.fr\/index.php?rest_route=\/wp\/v2\/users\/1"}],"replies":[{"embeddable":true,"href":"https:\/\/fouleesroses.olivet.fr\/index.php?rest_route=%2Fwp%2Fv2%2Fcomments&post=9295"}],"version-history":[{"count":48,"href":"https:\/\/fouleesroses.olivet.fr\/index.php?rest_route=\/wp\/v2\/pages\/9295\/revisions"}],"predecessor-version":[{"id":13641,"href":"https:\/\/fouleesroses.olivet.fr\/index.php?rest_route=\/wp\/v2\/pages\/9295\/revisions\/13641"}],"wp:attachment":[{"href":"https:\/\/fouleesroses.olivet.fr\/index.php?rest_route=%2Fwp%2Fv2%2Fmedia&parent=9295"}],"curies":[{"name":"wp","href":"https:\/\/api.w.org\/{rel}","templated":true}]}}