{"id":9018,"date":"2025-01-22T17:23:36","date_gmt":"2025-01-22T16:23:36","guid":{"rendered":"https:\/\/fouleesroses.olivet.fr\/?page_id=9018"},"modified":"2026-03-25T17:58:55","modified_gmt":"2026-03-25T16:58:55","slug":"benevoles-2","status":"publish","type":"page","link":"https:\/\/fouleesroses.olivet.fr\/?page_id=9018","title":{"rendered":"B\u00c9N\u00c9VOLES"},"content":{"rendered":"\t\t<div data-elementor-type=\"wp-page\" data-elementor-id=\"9018\" class=\"elementor elementor-9018\">\n\t\t\t\t\t\t<section class=\"elementor-section elementor-top-section elementor-element elementor-element-27e8c6d1 elementor-section-full_width elementor-section-height-default elementor-section-height-default wpr-particle-no wpr-jarallax-no wpr-parallax-no wpr-sticky-section-no\" data-id=\"27e8c6d1\" data-element_type=\"section\" data-e-type=\"section\">\n\t\t\t\t\t\t<div class=\"elementor-container elementor-column-gap-default\">\n\t\t\t\t\t<div class=\"elementor-column elementor-col-100 elementor-top-column elementor-element elementor-element-66b5d39d\" data-id=\"66b5d39d\" data-element_type=\"column\" data-e-type=\"column\" data-settings=\"{&quot;background_background&quot;:&quot;classic&quot;}\">\n\t\t\t<div class=\"elementor-widget-wrap elementor-element-populated\">\n\t\t\t\t\t\t<section class=\"elementor-section elementor-inner-section elementor-element elementor-element-68249a45 elementor-section-boxed elementor-section-height-default elementor-section-height-default wpr-particle-no wpr-jarallax-no wpr-parallax-no wpr-sticky-section-no\" data-id=\"68249a45\" data-element_type=\"section\" data-e-type=\"section\">\n\t\t\t\t\t\t<div class=\"elementor-container elementor-column-gap-default\">\n\t\t\t\t\t<div class=\"elementor-column elementor-col-50 elementor-inner-column elementor-element elementor-element-3b9cd4f7\" data-id=\"3b9cd4f7\" data-element_type=\"column\" data-e-type=\"column\">\n\t\t\t<div class=\"elementor-widget-wrap elementor-element-populated\">\n\t\t\t\t\t\t<div class=\"elementor-element elementor-element-344621d elementor-widget elementor-widget-heading\" data-id=\"344621d\" data-element_type=\"widget\" data-e-type=\"widget\" data-widget_type=\"heading.default\">\n\t\t\t\t<div class=\"elementor-widget-container\">\n\t\t\t\t\t<span class=\"elementor-heading-title elementor-size-default\">LES FOUL\u00c9ES ROSES | OLIVET<\/span>\t\t\t\t<\/div>\n\t\t\t\t<\/div>\n\t\t\t\t<div class=\"elementor-element elementor-element-55f4cb9 elementor-widget elementor-widget-heading\" data-id=\"55f4cb9\" data-element_type=\"widget\" data-e-type=\"widget\" data-widget_type=\"heading.default\">\n\t\t\t\t<div class=\"elementor-widget-container\">\n\t\t\t\t\t<h1 class=\"elementor-heading-title elementor-size-default\">LES B\u00c9N\u00c9VOLES<\/h1>\t\t\t\t<\/div>\n\t\t\t\t<\/div>\n\t\t\t\t<div class=\"elementor-element elementor-element-488c78df elementor-widget elementor-widget-text-editor\" data-id=\"488c78df\" data-element_type=\"widget\" data-e-type=\"widget\" data-widget_type=\"text-editor.default\">\n\t\t\t\t<div class=\"elementor-widget-container\">\n\t\t\t\t\t\t\t\t\t<p><span class=\"ui-provider gs b c d e f g h i j k l m n o p q r s t u v w x y z ab ac ae af ag ah ai aj ak\" dir=\"ltr\">Pour que l&rsquo;\u00e9v\u00e9nement puisse avoir lieu, les organisateurs recherchent des b\u00e9n\u00e9voles pour plusieurs missions :\u00a0distribuer les t-shirts et dossards \/ g\u00e9rer la consigne \/ s\u00e9curiser les parcours \/ assurer le ravitaillement \/\u00a0accueillir &amp; informer les participants \/\u00a0 installer les stands &amp; barri\u00e8res&#8230;<\/span><\/p>\t\t\t\t\t\t\t\t<\/div>\n\t\t\t\t<\/div>\n\t\t\t\t\t<\/div>\n\t\t<\/div>\n\t\t\t\t<div class=\"elementor-column elementor-col-50 elementor-inner-column elementor-element elementor-element-78b40b9\" data-id=\"78b40b9\" data-element_type=\"column\" data-e-type=\"column\">\n\t\t\t<div class=\"elementor-widget-wrap elementor-element-populated\">\n\t\t\t\t\t\t<div class=\"elementor-element elementor-element-0ca3e57 elementor-widget elementor-widget-counter\" data-id=\"0ca3e57\" data-element_type=\"widget\" data-e-type=\"widget\" data-widget_type=\"counter.default\">\n\t\t\t\t<div class=\"elementor-widget-container\">\n\t\t\t\t\t\t\t<div class=\"elementor-counter\">\n\t\t\t<div class=\"elementor-counter-title\">B\u00e9n\u00e9voles inscrits en 2025 !<\/div>\t\t\t<div class=\"elementor-counter-number-wrapper\">\n\t\t\t\t<span class=\"elementor-counter-number-prefix\"><\/span>\n\t\t\t\t<span class=\"elementor-counter-number\" data-duration=\"2000\" data-to-value=\"133\" data-from-value=\"0\" data-delimiter=\",\">0<\/span>\n\t\t\t\t<span class=\"elementor-counter-number-suffix\"><\/span>\n\t\t\t<\/div>\n\t\t<\/div>\n\t\t\t\t\t\t<\/div>\n\t\t\t\t<\/div>\n\t\t\t\t<div class=\"elementor-element elementor-element-ef25493 elementor-view-default elementor-widget elementor-widget-icon\" data-id=\"ef25493\" data-element_type=\"widget\" data-e-type=\"widget\" data-widget_type=\"icon.default\">\n\t\t\t\t<div class=\"elementor-widget-container\">\n\t\t\t\t\t\t\t<div class=\"elementor-icon-wrapper\">\n\t\t\t<a class=\"elementor-icon elementor-animation-buzz\" href=\"https:\/\/forms.office.com\/Pages\/ResponsePage.aspx?id=xGq9RSrByEOj3LCTJWZ0tMlbzW9YCwxFvkyMzIPnW3dUQjhRNVRIQ0w3QTE5TDhCRzA5SEpBR05MUCQlQCN0PWcu&#038;embed=true\">\n\t\t\t<i aria-hidden=\"true\" class=\"fas fa-hand-holding-heart\"><\/i>\t\t\t<\/a>\n\t\t<\/div>\n\t\t\t\t\t\t<\/div>\n\t\t\t\t<\/div>\n\t\t\t\t\t<\/div>\n\t\t<\/div>\n\t\t\t\t\t<\/div>\n\t\t<\/section>\n\t\t\t\t\t<\/div>\n\t\t<\/div>\n\t\t\t\t\t<\/div>\n\t\t<\/section>\n\t\t\t\t<section class=\"elementor-section elementor-top-section elementor-element elementor-element-469c2600 elementor-section-content-middle elementor-section-boxed elementor-section-height-default elementor-section-height-default wpr-particle-no wpr-jarallax-no wpr-parallax-no wpr-sticky-section-no\" data-id=\"469c2600\" data-element_type=\"section\" data-e-type=\"section\">\n\t\t\t\t\t\t<div class=\"elementor-container elementor-column-gap-no\">\n\t\t\t\t\t<div class=\"elementor-column elementor-col-50 elementor-top-column elementor-element elementor-element-39c2d04b\" data-id=\"39c2d04b\" data-element_type=\"column\" data-e-type=\"column\">\n\t\t\t<div class=\"elementor-widget-wrap elementor-element-populated\">\n\t\t\t\t\t\t<div class=\"elementor-element elementor-element-a48f827 wpr-lottie-svg elementor-widget elementor-widget-wpr-lottie-animations\" data-id=\"a48f827\" data-element_type=\"widget\" data-e-type=\"widget\" data-settings=\"{&quot;trigger&quot;:&quot;none&quot;}\" data-widget_type=\"wpr-lottie-animations.default\">\n\t\t\t\t<div class=\"elementor-widget-container\">\n\t\t\t\t\t<div class=\"wpr-lottie-animations-wrapper\"><div class=\"wpr-lottie-animations\" data-settings=\"{&quot;loop&quot;:&quot;yes&quot;,&quot;autoplay&quot;:&quot;yes&quot;,&quot;speed&quot;:1,&quot;trigger&quot;:&quot;none&quot;,&quot;reverse&quot;:&quot;&quot;,&quot;scroll_start&quot;:&quot;0&quot;,&quot;scroll_end&quot;:&quot;100&quot;,&quot;lottie_renderer&quot;:&quot;svg&quot;}\" data-json-url=\"https:\/\/assets8.lottiefiles.com\/private_files\/lf30_kt7n6yua.json\"><\/div><\/div>\t\t\t\t<\/div>\n\t\t\t\t<\/div>\n\t\t\t\t\t<\/div>\n\t\t<\/div>\n\t\t\t\t<div class=\"elementor-column elementor-col-50 elementor-top-column elementor-element elementor-element-2daee1d1\" data-id=\"2daee1d1\" data-element_type=\"column\" data-e-type=\"column\">\n\t\t\t<div class=\"elementor-widget-wrap elementor-element-populated\">\n\t\t\t\t\t\t<div class=\"elementor-element elementor-element-14c832b0 elementor-widget elementor-widget-heading\" data-id=\"14c832b0\" data-element_type=\"widget\" data-e-type=\"widget\" data-widget_type=\"heading.default\">\n\t\t\t\t<div class=\"elementor-widget-container\">\n\t\t\t\t\t<h5 class=\"elementor-heading-title elementor-size-default\">PARTICIPEZ AUTREMENT,<\/h5>\t\t\t\t<\/div>\n\t\t\t\t<\/div>\n\t\t\t\t<div class=\"elementor-element elementor-element-6d800843 elementor-widget elementor-widget-heading\" data-id=\"6d800843\" data-element_type=\"widget\" data-e-type=\"widget\" data-widget_type=\"heading.default\">\n\t\t\t\t<div class=\"elementor-widget-container\">\n\t\t\t\t\t<h4 class=\"elementor-heading-title elementor-size-default\">DEVENEZ B\u00c9N\u00c9VOLE ! <\/h4>\t\t\t\t<\/div>\n\t\t\t\t<\/div>\n\t\t\t\t<div class=\"elementor-element elementor-element-7b9c8059 elementor-widget__width-initial elementor-widget elementor-widget-text-editor\" data-id=\"7b9c8059\" data-element_type=\"widget\" data-e-type=\"widget\" data-widget_type=\"text-editor.default\">\n\t\t\t\t<div class=\"elementor-widget-container\">\n\t\t\t\t\t\t\t\t\t<p>Les Foul\u00e9es Roses, c\u2019est avant tout une grande action caritative pour la lutte contre le cancer, mais aussi la mobilisation de nombreux b\u00e9n\u00e9voles au service des participants et de cette cause. En tant que b\u00e9n\u00e9vole, vous serez la ressource la plus importante dans la r\u00e9ussite de la manifestation. <span style=\"color: var( --e-global-color-884f59e ); background-color: transparent; font-family: var(--global-body-font-family);\">Nous recherchons une centaine de b\u00e9n\u00e9voles sur la p\u00e9riode. Nous comptons sur vous !<\/span><\/p>\t\t\t\t\t\t\t\t<\/div>\n\t\t\t\t<\/div>\n\t\t\t\t<div class=\"elementor-element elementor-element-740e38b elementor-widget__width-inherit elementor-invisible elementor-widget elementor-widget-eael-creative-button\" data-id=\"740e38b\" data-element_type=\"widget\" data-e-type=\"widget\" data-settings=\"{&quot;_animation&quot;:&quot;pulse&quot;}\" data-widget_type=\"eael-creative-button.default\">\n\t\t\t\t<div class=\"elementor-widget-container\">\n\t\t\t\t\t        <div class=\"eael-creative-button-wrapper\">\n\n            <a class=\"eael-creative-button eael-creative-button--tamaya\" href=\"https:\/\/forms.office.com\/e\/3XPy96krzL\" target=\"_blank\" data-text=\"JE DEVIENS B\u00c9N\u00c9VOLE\">\n            \t                <div class=\"eael-creative-button--tamaya-secondary eael-creative-button--tamaya-before\"><span>JE DEVIENS B\u00c9N\u00c9VOLE<\/span><\/div>\n        \n                <div class=\"creative-button-inner\">\n\n                    \n                    <span class=\"cretive-button-text\">MERCI !<\/span>\n\n                                    <\/div>\n\t                                <div class=\"eael-creative-button--tamaya-secondary eael-creative-button--tamaya-after\"><span>JE DEVIENS B\u00c9N\u00c9VOLE<\/span><\/div>\n\t                        <\/a>\n        <\/div>\n        \t\t\t\t<\/div>\n\t\t\t\t<\/div>\n\t\t\t\t\t<\/div>\n\t\t<\/div>\n\t\t\t\t\t<\/div>\n\t\t<\/section>\n\t\t\t\t<section class=\"elementor-section elementor-top-section elementor-element elementor-element-1d53e0b elementor-section-boxed elementor-section-height-default elementor-section-height-default wpr-particle-no wpr-jarallax-no wpr-parallax-no wpr-sticky-section-no\" data-id=\"1d53e0b\" data-element_type=\"section\" data-e-type=\"section\">\n\t\t\t\t\t\t<div class=\"elementor-container elementor-column-gap-default\">\n\t\t\t\t\t<div class=\"elementor-column elementor-col-100 elementor-top-column elementor-element elementor-element-c294b80\" data-id=\"c294b80\" data-element_type=\"column\" data-e-type=\"column\">\n\t\t\t<div class=\"elementor-widget-wrap elementor-element-populated\">\n\t\t\t\t\t\t<section class=\"elementor-section elementor-inner-section elementor-element elementor-element-cdae183 elementor-section-height-min-height elementor-section-boxed elementor-section-height-default wpr-particle-no wpr-jarallax-no wpr-parallax-no wpr-sticky-section-no\" data-id=\"cdae183\" data-element_type=\"section\" data-e-type=\"section\">\n\t\t\t\t\t\t<div class=\"elementor-container elementor-column-gap-default\">\n\t\t\t\t\t<div class=\"elementor-column elementor-col-50 elementor-inner-column elementor-element elementor-element-0abd571\" data-id=\"0abd571\" data-element_type=\"column\" data-e-type=\"column\" data-settings=\"{&quot;background_background&quot;:&quot;classic&quot;}\">\n\t\t\t<div class=\"elementor-widget-wrap elementor-element-populated\">\n\t\t\t\t\t\t<div class=\"elementor-element elementor-element-27efc03 elementor-widget elementor-widget-spacer\" data-id=\"27efc03\" data-element_type=\"widget\" data-e-type=\"widget\" data-widget_type=\"spacer.default\">\n\t\t\t\t<div class=\"elementor-widget-container\">\n\t\t\t\t\t\t\t<div class=\"elementor-spacer\">\n\t\t\t<div class=\"elementor-spacer-inner\"><\/div>\n\t\t<\/div>\n\t\t\t\t\t\t<\/div>\n\t\t\t\t<\/div>\n\t\t\t\t\t<\/div>\n\t\t<\/div>\n\t\t\t\t<div class=\"elementor-column elementor-col-50 elementor-inner-column elementor-element elementor-element-45de122\" data-id=\"45de122\" data-element_type=\"column\" data-e-type=\"column\">\n\t\t\t<div class=\"elementor-widget-wrap elementor-element-populated\">\n\t\t\t\t\t\t<div class=\"elementor-element elementor-element-7eee947 elementor-widget elementor-widget-testimonial\" data-id=\"7eee947\" data-element_type=\"widget\" data-e-type=\"widget\" data-widget_type=\"testimonial.default\">\n\t\t\t\t<div class=\"elementor-widget-container\">\n\t\t\t\t\t\t\t<div class=\"elementor-testimonial-wrapper\">\n\t\t\t\t\t\t\t<div class=\"elementor-testimonial-content\">Les b\u00e9n\u00e9voles des Foul\u00e9es Roses sont des h\u00e9ros discrets qui se l\u00e8vent t\u00f4t et se mobilisent avec enthousiasme pour soutenir une noble cause. Chaque ann\u00e9e, ces volontaires d\u00e9vou\u00e9s se rassemblent pour donner vie \u00e0 un \u00e9v\u00e9nement qui c\u00e9l\u00e8bre le courage, l'espoir et la solidarit\u00e9.<\/div>\n\t\t\t\n\t\t\t\t\t<\/div>\n\t\t\t\t\t\t<\/div>\n\t\t\t\t<\/div>\n\t\t\t\t\t<\/div>\n\t\t<\/div>\n\t\t\t\t\t<\/div>\n\t\t<\/section>\n\t\t\t\t\t<\/div>\n\t\t<\/div>\n\t\t\t\t\t<\/div>\n\t\t<\/section>\n\t\t\t\t<section class=\"elementor-section elementor-top-section elementor-element elementor-element-9f60077 elementor-section-boxed elementor-section-height-default elementor-section-height-default wpr-particle-no wpr-jarallax-no wpr-parallax-no wpr-sticky-section-no\" data-id=\"9f60077\" data-element_type=\"section\" data-e-type=\"section\">\n\t\t\t\t\t\t<div class=\"elementor-container elementor-column-gap-default\">\n\t\t\t\t\t<div class=\"elementor-column elementor-col-100 elementor-top-column elementor-element elementor-element-1fa0e40\" data-id=\"1fa0e40\" data-element_type=\"column\" data-e-type=\"column\">\n\t\t\t<div class=\"elementor-widget-wrap elementor-element-populated\">\n\t\t\t\t\t\t<div class=\"elementor-element elementor-element-50ec0d4 elementor-widget elementor-widget-spacer\" data-id=\"50ec0d4\" data-element_type=\"widget\" data-e-type=\"widget\" data-widget_type=\"spacer.default\">\n\t\t\t\t<div class=\"elementor-widget-container\">\n\t\t\t\t\t\t\t<div class=\"elementor-spacer\">\n\t\t\t<div class=\"elementor-spacer-inner\"><\/div>\n\t\t<\/div>\n\t\t\t\t\t\t<\/div>\n\t\t\t\t<\/div>\n\t\t\t\t\t<\/div>\n\t\t<\/div>\n\t\t\t\t\t<\/div>\n\t\t<\/section>\n\t\t\t\t<section class=\"elementor-section elementor-top-section elementor-element elementor-element-c9585d2 elementor-section-content-middle elementor-section-boxed elementor-section-height-default elementor-section-height-default wpr-particle-no wpr-jarallax-no wpr-parallax-no wpr-sticky-section-no\" data-id=\"c9585d2\" data-element_type=\"section\" data-e-type=\"section\">\n\t\t\t\t\t\t<div class=\"elementor-container elementor-column-gap-no\">\n\t\t\t\t\t<div class=\"elementor-column elementor-col-50 elementor-top-column elementor-element elementor-element-a3d2644\" data-id=\"a3d2644\" data-element_type=\"column\" data-e-type=\"column\">\n\t\t\t<div class=\"elementor-widget-wrap elementor-element-populated\">\n\t\t\t\t\t\t<div class=\"elementor-element elementor-element-07a441a elementor-widget elementor-widget-heading\" data-id=\"07a441a\" data-element_type=\"widget\" data-e-type=\"widget\" data-widget_type=\"heading.default\">\n\t\t\t\t<div class=\"elementor-widget-container\">\n\t\t\t\t\t<h4 class=\"elementor-heading-title elementor-size-default\">LES DIFF\u00c9RENTES MISSIONS<\/h4>\t\t\t\t<\/div>\n\t\t\t\t<\/div>\n\t\t\t\t<div class=\"elementor-element elementor-element-0136cb3 elementor-widget__width-initial elementor-widget elementor-widget-text-editor\" data-id=\"0136cb3\" data-element_type=\"widget\" data-e-type=\"widget\" data-widget_type=\"text-editor.default\">\n\t\t\t\t<div class=\"elementor-widget-container\">\n\t\t\t\t\t\t\t\t\t<p><strong><span style=\"color: #ff5698;\">Retrait des dossards et remise des T-shirts<\/span><\/strong><br \/><strong>Horaires<\/strong> :<br \/>Date \u00e0 venir :\u00a0<br \/>Date \u00e0 venir :\u00a0<br \/>Date \u00e0 venir :\u00a0<br \/><span style=\"font-family: var(--global-body-font-family);\"><strong>Mission<\/strong> : Accueillir les coureurs, remettre les dossards et les T-shirts.<\/span><\/p><p><strong><span style=\"color: #ff5698;\">Signaleur sur le parcours <\/span><\/strong><br \/><strong>Horaires<\/strong> : Infos \u00e0 venir\u00a0<br \/><strong>Mission<\/strong> : Assurer la s\u00e9curit\u00e9 de tous (coureurs, spectateurs, cyclistes, automobilistes), orienter les coureurs et informer les spectateurs.<\/p><p><strong><span style=\"color: #ff5698;\"> Ravitaillement parcours\/arriv\u00e9e<\/span><\/strong><br \/><strong>Horaires<\/strong> : Dimanche 4 octobre : 8h-14h<br \/><span style=\"font-family: var(--global-body-font-family);\"><strong>Mission<\/strong> : G\u00e9rer les points de ravitaillement, assurer leur approvisionnement constant.<\/span><\/p>\t\t\t\t\t\t\t\t<\/div>\n\t\t\t\t<\/div>\n\t\t\t\t\t<\/div>\n\t\t<\/div>\n\t\t\t\t<div class=\"elementor-column elementor-col-50 elementor-top-column elementor-element elementor-element-358c18f\" data-id=\"358c18f\" data-element_type=\"column\" data-e-type=\"column\">\n\t\t\t<div class=\"elementor-widget-wrap elementor-element-populated\">\n\t\t\t\t\t\t<div class=\"elementor-element elementor-element-7270012 elementor-widget elementor-widget-spacer\" data-id=\"7270012\" data-element_type=\"widget\" data-e-type=\"widget\" data-widget_type=\"spacer.default\">\n\t\t\t\t<div class=\"elementor-widget-container\">\n\t\t\t\t\t\t\t<div class=\"elementor-spacer\">\n\t\t\t<div class=\"elementor-spacer-inner\"><\/div>\n\t\t<\/div>\n\t\t\t\t\t\t<\/div>\n\t\t\t\t<\/div>\n\t\t\t\t<div class=\"elementor-element elementor-element-6ba5876 elementor-widget elementor-widget-image\" data-id=\"6ba5876\" data-element_type=\"widget\" data-e-type=\"widget\" data-widget_type=\"image.default\">\n\t\t\t\t<div class=\"elementor-widget-container\">\n\t\t\t\t\t\t\t\t\t\t\t\t\t\t\t<img fetchpriority=\"high\" decoding=\"async\" width=\"1920\" height=\"2560\" src=\"https:\/\/fouleesroses.olivet.fr\/wp-content\/uploads\/2025\/02\/IMG_2083-scaled.jpg\" class=\"attachment-full size-full wp-image-10440\" alt=\"\" srcset=\"https:\/\/fouleesroses.olivet.fr\/wp-content\/uploads\/2025\/02\/IMG_2083-scaled.jpg 1920w, https:\/\/fouleesroses.olivet.fr\/wp-content\/uploads\/2025\/02\/IMG_2083-225x300.jpg 225w, https:\/\/fouleesroses.olivet.fr\/wp-content\/uploads\/2025\/02\/IMG_2083-768x1024.jpg 768w, https:\/\/fouleesroses.olivet.fr\/wp-content\/uploads\/2025\/02\/IMG_2083-1152x1536.jpg 1152w, https:\/\/fouleesroses.olivet.fr\/wp-content\/uploads\/2025\/02\/IMG_2083-1536x2048.jpg 1536w\" sizes=\"(max-width: 1920px) 100vw, 1920px\" \/>\t\t\t\t\t\t\t\t\t\t\t\t\t\t\t<\/div>\n\t\t\t\t<\/div>\n\t\t\t\t\t<\/div>\n\t\t<\/div>\n\t\t\t\t\t<\/div>\n\t\t<\/section>\n\t\t\t\t<\/div>\n\t\t","protected":false},"excerpt":{"rendered":"<p>LES FOUL\u00c9ES ROSES | OLIVET LES B\u00c9N\u00c9VOLES Pour que l&rsquo;\u00e9v\u00e9nement puisse avoir lieu, les organisateurs recherchent des b\u00e9n\u00e9voles pour plusieurs missions :\u00a0distribuer les t-shirts et dossards \/ g\u00e9rer la consigne \/ s\u00e9curiser les parcours \/ assurer le ravitaillement \/\u00a0accueillir &amp; informer les participants \/\u00a0 installer les stands &amp; barri\u00e8res&#8230; B\u00e9n\u00e9voles inscrits en 2025 ! 0 PARTICIPEZ AUTREMENT, DEVENEZ B\u00c9N\u00c9VOLE ! Les Foul\u00e9es Roses, c\u2019est avant tout une grande action caritative pour la lutte contre le cancer, mais aussi la mobilisation de nombreux b\u00e9n\u00e9voles au service des participants et de cette cause. En tant que b\u00e9n\u00e9vole, vous serez la ressource la plus importante dans la r\u00e9ussite de la manifestation. Nous recherchons une centaine de b\u00e9n\u00e9voles sur la p\u00e9riode. Nous comptons sur vous ! JE DEVIENS B\u00c9N\u00c9VOLE MERCI ! JE DEVIENS B\u00c9N\u00c9VOLE Les b\u00e9n\u00e9voles des Foul\u00e9es Roses sont des h\u00e9ros discrets qui se l\u00e8vent t\u00f4t et se mobilisent avec enthousiasme pour soutenir une noble cause. Chaque ann\u00e9e, ces volontaires d\u00e9vou\u00e9s se rassemblent pour donner vie \u00e0 un \u00e9v\u00e9nement qui c\u00e9l\u00e8bre le courage, l&rsquo;espoir et la solidarit\u00e9. LES DIFF\u00c9RENTES MISSIONS Retrait des dossards et remise des T-shirtsHoraires :Date \u00e0 venir :\u00a0Date \u00e0 venir :\u00a0Date \u00e0 venir :\u00a0Mission : Accueillir les coureurs, remettre les dossards et les T-shirts. Signaleur sur le parcours Horaires : Infos \u00e0 venir\u00a0Mission : Assurer la s\u00e9curit\u00e9 de tous (coureurs, spectateurs, cyclistes, automobilistes), orienter les coureurs et informer les spectateurs. Ravitaillement parcours\/arriv\u00e9eHoraires : Dimanche 4 octobre : 8h-14hMission : G\u00e9rer les points de ravitaillement, assurer leur approvisionnement constant.<\/p>\n","protected":false},"author":1,"featured_media":0,"parent":0,"menu_order":0,"comment_status":"closed","ping_status":"closed","template":"","meta":{"_kadence_starter_templates_imported_post":true,"_kad_post_transparent":"","_kad_post_title":"hide","_kad_post_layout":"fullwidth","_kad_post_sidebar_id":"","_kad_post_content_style":"unboxed","_kad_post_vertical_padding":"hide","_kad_post_feature":"hide","_kad_post_feature_position":"","_kad_post_header":false,"_kad_post_footer":false,"_kad_post_classname":"","footnotes":""},"class_list":["post-9018","page","type-page","status-publish","hentry"],"_links":{"self":[{"href":"https:\/\/fouleesroses.olivet.fr\/index.php?rest_route=\/wp\/v2\/pages\/9018","targetHints":{"allow":["GET"]}}],"collection":[{"href":"https:\/\/fouleesroses.olivet.fr\/index.php?rest_route=\/wp\/v2\/pages"}],"about":[{"href":"https:\/\/fouleesroses.olivet.fr\/index.php?rest_route=\/wp\/v2\/types\/page"}],"author":[{"embeddable":true,"href":"https:\/\/fouleesroses.olivet.fr\/index.php?rest_route=\/wp\/v2\/users\/1"}],"replies":[{"embeddable":true,"href":"https:\/\/fouleesroses.olivet.fr\/index.php?rest_route=%2Fwp%2Fv2%2Fcomments&post=9018"}],"version-history":[{"count":142,"href":"https:\/\/fouleesroses.olivet.fr\/index.php?rest_route=\/wp\/v2\/pages\/9018\/revisions"}],"predecessor-version":[{"id":13702,"href":"https:\/\/fouleesroses.olivet.fr\/index.php?rest_route=\/wp\/v2\/pages\/9018\/revisions\/13702"}],"wp:attachment":[{"href":"https:\/\/fouleesroses.olivet.fr\/index.php?rest_route=%2Fwp%2Fv2%2Fmedia&parent=9018"}],"curies":[{"name":"wp","href":"https:\/\/api.w.org\/{rel}","templated":true}]}}